{"id":159,"date":"2022-07-07T15:46:43","date_gmt":"2022-07-07T15:46:43","guid":{"rendered":"http:\/\/cirefluvial.com\/nuevarevista\/?page_id=159"},"modified":"2022-07-08T22:22:55","modified_gmt":"2022-07-08T22:22:55","slug":"volumenes","status":"publish","type":"page","link":"https:\/\/restaurarios.es\/en\/volumenes\/","title":{"rendered":"Issues"},"content":{"rendered":"<div class=\"gb-container gb-container-16f6c3f8\"><div class=\"gb-inside-container\">\n<section id=\"gt9c5ad11\" class=\"section-gt9c5ad11 gutentor-module gtf-module gutentor-term-module gutentor-term-module-t1 gtf-list gutentor-enabled-width gutentor_t1_template1 wp-block-gutentor-t1 volumenes\" >\n<div class='grid-container'><div class='grid-row' ><article class='gutentor-term gtf-item-0'><div class='gtf-item'><div class=\"gutentor-term-image-box\"><div class=\"gtf-image-box\"><div class=\"gtf-image\"><img decoding=\"async\" class=\"normal-image\" src=\"https:\/\/restaurarios.es\/wp-content\/uploads\/2024\/05\/Restaurarios-Portada-3-pichi-212x300.jpg\"><\/div><\/div><\/div><div class=\"gutentor-term-content\"><h3 class=\"g-d-title\"><a href=\"https:\/\/restaurarios.es\/en\/category\/volumen-3-2024\/\" rel=\"bookmark\">Issue #3 (2024)<\/a><\/h3><div class=\"g-d-desc\"><p>Front cover: R\u00edo Arlanza en Villahoz (Burgos) \u2022 Author: Francisco Javier Sanz Ronda<\/p><\/div><\/div><\/div><\/article><article class='gutentor-term gtf-item-1'><div class='gtf-item'><div class=\"gutentor-term-image-box\"><div class=\"gtf-image-box\"><div class=\"gtf-image\"><img decoding=\"async\" class=\"normal-image\" src=\"https:\/\/restaurarios.es\/wp-content\/uploads\/2022\/07\/restaurarios-02-portada-pichi-212x300.jpg\"><\/div><\/div><\/div><div class=\"gutentor-term-content\"><h3 class=\"g-d-title\"><a href=\"https:\/\/restaurarios.es\/en\/category\/volumen-2\/\" rel=\"bookmark\">Issue #2 (2021)<\/a><\/h3><div class=\"g-d-desc\"><p>Front cover: R\u00edo Tor\u00edo (Le\u00f3n) \u2022 Author: Ignacio Rodr\u00edguez Mu\u00f1oz<\/p><\/div><\/div><\/div><\/article><article class='gutentor-term gtf-item-2'><div class='gtf-item'><div class=\"gutentor-term-image-box\"><div class=\"gtf-image-box\"><div class=\"gtf-image\"><img decoding=\"async\" class=\"normal-image\" src=\"https:\/\/restaurarios.es\/wp-content\/uploads\/2022\/07\/restaurarios-01-portada-pichi-212x300.jpg\"><\/div><\/div><\/div><div class=\"gutentor-term-content\"><h3 class=\"g-d-title\"><a href=\"https:\/\/restaurarios.es\/en\/category\/volumen-1\/\" rel=\"bookmark\">Issue #1 (2020)<\/a><\/h3><div class=\"g-d-desc\"><p>Portada: R\u00edo Hozgarganta en Jimena de la Frontera \u2022 Autor: Tony Herrera&hellip;<\/p><\/div><\/div><\/div><\/article><\/div><\/div><\/section>\n<\/div><\/div>","protected":false},"excerpt":{"rendered":"","protected":false},"author":1,"featured_media":0,"parent":0,"menu_order":0,"comment_status":"closed","ping_status":"closed","template":"","meta":{"_acf_changed":false,"footnotes":""},"class_list":["post-159","page","type-page","status-publish"],"acf":[],"yoast_head":"<!-- This site is optimized with the Yoast SEO plugin v23.8 - https:\/\/yoast.com\/wordpress\/plugins\/seo\/ -->\n<title>Vol\u00famenes - Revista RestauraRios - CIREF<\/title>\n<meta name=\"robots\" content=\"index, follow, max-snippet:-1, max-image-preview:large, max-video-preview:-1\" \/>\n<link rel=\"canonical\" href=\"https:\/\/restaurarios.es\/en\/volumenes\/\" \/>\n<meta property=\"og:locale\" content=\"en_GB\" \/>\n<meta property=\"og:type\" content=\"article\" \/>\n<meta property=\"og:title\" content=\"Vol\u00famenes - Revista RestauraRios - CIREF\" \/>\n<meta property=\"og:url\" content=\"https:\/\/restaurarios.es\/en\/volumenes\/\" \/>\n<meta property=\"og:site_name\" content=\"Revista RestauraRios - CIREF\" \/>\n<meta property=\"article:modified_time\" content=\"2022-07-08T22:22:55+00:00\" \/>\n<meta name=\"twitter:card\" content=\"summary_large_image\" \/>\n<script type=\"application\/ld+json\" class=\"yoast-schema-graph\">{\"@context\":\"https:\/\/schema.org\",\"@graph\":[{\"@type\":\"WebPage\",\"@id\":\"https:\/\/restaurarios.es\/volumenes\/\",\"url\":\"https:\/\/restaurarios.es\/volumenes\/\",\"name\":\"Vol\u00famenes - Revista RestauraRios - CIREF\",\"isPartOf\":{\"@id\":\"https:\/\/restaurarios.es\/#website\"},\"datePublished\":\"2022-07-07T15:46:43+00:00\",\"dateModified\":\"2022-07-08T22:22:55+00:00\",\"breadcrumb\":{\"@id\":\"https:\/\/restaurarios.es\/volumenes\/#breadcrumb\"},\"inLanguage\":\"en-GB\",\"potentialAction\":[{\"@type\":\"ReadAction\",\"target\":[\"https:\/\/restaurarios.es\/volumenes\/\"]}]},{\"@type\":\"BreadcrumbList\",\"@id\":\"https:\/\/restaurarios.es\/volumenes\/#breadcrumb\",\"itemListElement\":[{\"@type\":\"ListItem\",\"position\":1,\"name\":\"Portada\",\"item\":\"https:\/\/restaurarios.es\/\"},{\"@type\":\"ListItem\",\"position\":2,\"name\":\"Vol\u00famenes\"}]},{\"@type\":\"WebSite\",\"@id\":\"https:\/\/restaurarios.es\/#website\",\"url\":\"https:\/\/restaurarios.es\/\",\"name\":\"Revista RestauraRios - CIREF\",\"description\":\"Revista de conservaci\u00f3n y restauraci\u00f3n fluvial\",\"publisher\":{\"@id\":\"https:\/\/restaurarios.es\/#organization\"},\"potentialAction\":[{\"@type\":\"SearchAction\",\"target\":{\"@type\":\"EntryPoint\",\"urlTemplate\":\"https:\/\/restaurarios.es\/?s={search_term_string}\"},\"query-input\":{\"@type\":\"PropertyValueSpecification\",\"valueRequired\":true,\"valueName\":\"search_term_string\"}}],\"inLanguage\":\"en-GB\"},{\"@type\":\"Organization\",\"@id\":\"https:\/\/restaurarios.es\/#organization\",\"name\":\"Revista RestauraRios - CIREF\",\"url\":\"https:\/\/restaurarios.es\/\",\"logo\":{\"@type\":\"ImageObject\",\"inLanguage\":\"en-GB\",\"@id\":\"https:\/\/restaurarios.es\/#\/schema\/logo\/image\/\",\"url\":\"https:\/\/restaurarios.es\/wp-content\/uploads\/2022\/07\/cabecera-960px.jpg\",\"contentUrl\":\"https:\/\/restaurarios.es\/wp-content\/uploads\/2022\/07\/cabecera-960px.jpg\",\"width\":960,\"height\":214,\"caption\":\"Revista RestauraRios - CIREF\"},\"image\":{\"@id\":\"https:\/\/restaurarios.es\/#\/schema\/logo\/image\/\"}}]}<\/script>\n<!-- \/ Yoast SEO plugin. -->","yoast_head_json":{"title":"Vol\u00famenes - Revista RestauraRios - CIREF","robots":{"index":"index","follow":"follow","max-snippet":"max-snippet:-1","max-image-preview":"max-image-preview:large","max-video-preview":"max-video-preview:-1"},"canonical":"https:\/\/restaurarios.es\/en\/volumenes\/","og_locale":"en_GB","og_type":"article","og_title":"Vol\u00famenes - Revista RestauraRios - CIREF","og_url":"https:\/\/restaurarios.es\/en\/volumenes\/","og_site_name":"Revista RestauraRios - CIREF","article_modified_time":"2022-07-08T22:22:55+00:00","twitter_card":"summary_large_image","schema":{"@context":"https:\/\/schema.org","@graph":[{"@type":"WebPage","@id":"https:\/\/restaurarios.es\/volumenes\/","url":"https:\/\/restaurarios.es\/volumenes\/","name":"Vol\u00famenes - Revista RestauraRios - CIREF","isPartOf":{"@id":"https:\/\/restaurarios.es\/#website"},"datePublished":"2022-07-07T15:46:43+00:00","dateModified":"2022-07-08T22:22:55+00:00","breadcrumb":{"@id":"https:\/\/restaurarios.es\/volumenes\/#breadcrumb"},"inLanguage":"en-GB","potentialAction":[{"@type":"ReadAction","target":["https:\/\/restaurarios.es\/volumenes\/"]}]},{"@type":"BreadcrumbList","@id":"https:\/\/restaurarios.es\/volumenes\/#breadcrumb","itemListElement":[{"@type":"ListItem","position":1,"name":"Portada","item":"https:\/\/restaurarios.es\/"},{"@type":"ListItem","position":2,"name":"Vol\u00famenes"}]},{"@type":"WebSite","@id":"https:\/\/restaurarios.es\/#website","url":"https:\/\/restaurarios.es\/","name":"Revista RestauraRios - CIREF","description":"Revista de conservaci\u00f3n y restauraci\u00f3n fluvial","publisher":{"@id":"https:\/\/restaurarios.es\/#organization"},"potentialAction":[{"@type":"SearchAction","target":{"@type":"EntryPoint","urlTemplate":"https:\/\/restaurarios.es\/?s={search_term_string}"},"query-input":{"@type":"PropertyValueSpecification","valueRequired":true,"valueName":"search_term_string"}}],"inLanguage":"en-GB"},{"@type":"Organization","@id":"https:\/\/restaurarios.es\/#organization","name":"Revista RestauraRios - CIREF","url":"https:\/\/restaurarios.es\/","logo":{"@type":"ImageObject","inLanguage":"en-GB","@id":"https:\/\/restaurarios.es\/#\/schema\/logo\/image\/","url":"https:\/\/restaurarios.es\/wp-content\/uploads\/2022\/07\/cabecera-960px.jpg","contentUrl":"https:\/\/restaurarios.es\/wp-content\/uploads\/2022\/07\/cabecera-960px.jpg","width":960,"height":214,"caption":"Revista RestauraRios - CIREF"},"image":{"@id":"https:\/\/restaurarios.es\/#\/schema\/logo\/image\/"}}]}},"_links":{"self":[{"href":"https:\/\/restaurarios.es\/en\/wp-json\/wp\/v2\/pages\/159","targetHints":{"allow":["GET"]}}],"collection":[{"href":"https:\/\/restaurarios.es\/en\/wp-json\/wp\/v2\/pages"}],"about":[{"href":"https:\/\/restaurarios.es\/en\/wp-json\/wp\/v2\/types\/page"}],"author":[{"embeddable":true,"href":"https:\/\/restaurarios.es\/en\/wp-json\/wp\/v2\/users\/1"}],"replies":[{"embeddable":true,"href":"https:\/\/restaurarios.es\/en\/wp-json\/wp\/v2\/comments?post=159"}],"version-history":[{"count":15,"href":"https:\/\/restaurarios.es\/en\/wp-json\/wp\/v2\/pages\/159\/revisions"}],"predecessor-version":[{"id":375,"href":"https:\/\/restaurarios.es\/en\/wp-json\/wp\/v2\/pages\/159\/revisions\/375"}],"wp:attachment":[{"href":"https:\/\/restaurarios.es\/en\/wp-json\/wp\/v2\/media?parent=159"}],"curies":[{"name":"wp","href":"https:\/\/api.w.org\/{rel}","templated":true}]}}