{"id":223,"date":"2022-07-10T12:09:23","date_gmt":"2022-07-10T12:09:23","guid":{"rendered":"http:\/\/cirefluvial.com\/nuevarevista\/?page_id=223"},"modified":"2022-07-10T12:09:24","modified_gmt":"2022-07-10T12:09:24","slug":"comite-editorial","status":"publish","type":"page","link":"https:\/\/restaurarios.es\/en\/comite-editorial\/","title":{"rendered":"Editioral Board"},"content":{"rendered":"<h2 class=\"wp-block-heading\">Editor<\/h2>\n\n\n\n<p><strong>Gustavo Gonz\u00e1lez<\/strong><br><em>Icthios<\/em><\/p>\n\n\n\n<h2 class=\"wp-block-heading\">Associated Editors (in alphabetical order)<\/h2>\n\n\n\n<p><strong>Askoa Ibisate<\/strong><br><em>Universidad del Pa\u00eds Vasco \/ Euskal Herriko Unibertsitatea | UPV\/EHU&nbsp;\u00b7&nbsp;Departamento de Geograf\u00eda, Prehistoria y Arqueolog\u00eda<\/em><\/p>\n\n\n\n<p><strong>Carles Ferrer<\/strong><br><em>Universitat Polit\u00e8cnica de Catalunya | UPC \u00b7 Departamento de Ingenier\u00eda Gr\u00e1fica y de Dise\u00f1o<\/em><\/p>\n\n\n\n<p><strong>Francisco Mart\u00ednez-Capel<\/strong><br><em>Universitat Polit\u00e8cnica de Val\u00e8ncia | UPV \u00b7 Departamento de Ingenieria hidr\u00e1ulica y Medio Ambiente<br>Instituto de Inv. Para la Gesti\u00f3n Integrada de Zonas Costeras \u2013 IGIC<\/em><\/p>\n\n\n\n<p><strong>Horacio Garc\u00eda<\/strong><br><em>Universidad de Santiago de Compostela | USC&nbsp;\u00b7&nbsp;Departamento de Xeograf\u00eda<\/em><\/p>\n\n\n\n<p><strong>Jos\u00e9 Ram\u00f3n D\u00edez<\/strong><br><em>Universidad del Pa\u00eds Vasco \/ Euskal Herriko Unibertsitatea | UPV\/EHU&nbsp;\u00b7&nbsp;Departamento de Did\u00e1ctica de la Matem\u00e1tica, Ciencias Experimentales y Sociales<\/em><\/p>\n\n\n\n<p><strong>Rui Cortes<\/strong><br><em>Universidade de Tras-os-Montes e Alto Douro | Departamento de Ci\u00eancias Florestais e Arquitetura Paisagista<\/em><\/p>\n\n\n\n<h2 class=\"wp-block-heading\">Design and layout<\/h2>\n\n\n\n<p><strong>Anna Pedescoll<\/strong><br><em>Icthios<\/em><\/p>","protected":false},"excerpt":{"rendered":"","protected":false},"author":1,"featured_media":0,"parent":0,"menu_order":0,"comment_status":"closed","ping_status":"closed","template":"","meta":{"_acf_changed":false,"footnotes":""},"class_list":["post-223","page","type-page","status-publish"],"acf":[],"yoast_head":"<!-- This site is optimized with the Yoast SEO plugin v23.8 - https:\/\/yoast.com\/wordpress\/plugins\/seo\/ -->\n<title>Comit\u00e9 editorial - Revista RestauraRios - CIREF<\/title>\n<meta name=\"robots\" content=\"index, follow, max-snippet:-1, max-image-preview:large, max-video-preview:-1\" \/>\n<link rel=\"canonical\" href=\"https:\/\/restaurarios.es\/en\/comite-editorial\/\" \/>\n<meta property=\"og:locale\" content=\"en_GB\" \/>\n<meta property=\"og:type\" content=\"article\" \/>\n<meta property=\"og:title\" content=\"Comit\u00e9 editorial - Revista RestauraRios - CIREF\" \/>\n<meta property=\"og:url\" content=\"https:\/\/restaurarios.es\/en\/comite-editorial\/\" \/>\n<meta property=\"og:site_name\" content=\"Revista RestauraRios - CIREF\" \/>\n<meta property=\"article:modified_time\" content=\"2022-07-10T12:09:24+00:00\" \/>\n<meta name=\"twitter:card\" content=\"summary_large_image\" \/>\n<meta name=\"twitter:label1\" content=\"Estimated reading time\" \/>\n\t<meta name=\"twitter:data1\" content=\"1 minute\" \/>\n<script type=\"application\/ld+json\" class=\"yoast-schema-graph\">{\"@context\":\"https:\/\/schema.org\",\"@graph\":[{\"@type\":\"WebPage\",\"@id\":\"https:\/\/restaurarios.es\/comite-editorial\/\",\"url\":\"https:\/\/restaurarios.es\/comite-editorial\/\",\"name\":\"Comit\u00e9 editorial - Revista RestauraRios - CIREF\",\"isPartOf\":{\"@id\":\"https:\/\/restaurarios.es\/#website\"},\"datePublished\":\"2022-07-10T12:09:23+00:00\",\"dateModified\":\"2022-07-10T12:09:24+00:00\",\"breadcrumb\":{\"@id\":\"https:\/\/restaurarios.es\/comite-editorial\/#breadcrumb\"},\"inLanguage\":\"en-GB\",\"potentialAction\":[{\"@type\":\"ReadAction\",\"target\":[\"https:\/\/restaurarios.es\/comite-editorial\/\"]}]},{\"@type\":\"BreadcrumbList\",\"@id\":\"https:\/\/restaurarios.es\/comite-editorial\/#breadcrumb\",\"itemListElement\":[{\"@type\":\"ListItem\",\"position\":1,\"name\":\"Portada\",\"item\":\"https:\/\/restaurarios.es\/\"},{\"@type\":\"ListItem\",\"position\":2,\"name\":\"Comit\u00e9 editorial\"}]},{\"@type\":\"WebSite\",\"@id\":\"https:\/\/restaurarios.es\/#website\",\"url\":\"https:\/\/restaurarios.es\/\",\"name\":\"Revista RestauraRios - CIREF\",\"description\":\"Revista de conservaci\u00f3n y restauraci\u00f3n fluvial\",\"publisher\":{\"@id\":\"https:\/\/restaurarios.es\/#organization\"},\"potentialAction\":[{\"@type\":\"SearchAction\",\"target\":{\"@type\":\"EntryPoint\",\"urlTemplate\":\"https:\/\/restaurarios.es\/?s={search_term_string}\"},\"query-input\":{\"@type\":\"PropertyValueSpecification\",\"valueRequired\":true,\"valueName\":\"search_term_string\"}}],\"inLanguage\":\"en-GB\"},{\"@type\":\"Organization\",\"@id\":\"https:\/\/restaurarios.es\/#organization\",\"name\":\"Revista RestauraRios - CIREF\",\"url\":\"https:\/\/restaurarios.es\/\",\"logo\":{\"@type\":\"ImageObject\",\"inLanguage\":\"en-GB\",\"@id\":\"https:\/\/restaurarios.es\/#\/schema\/logo\/image\/\",\"url\":\"https:\/\/restaurarios.es\/wp-content\/uploads\/2022\/07\/cabecera-960px.jpg\",\"contentUrl\":\"https:\/\/restaurarios.es\/wp-content\/uploads\/2022\/07\/cabecera-960px.jpg\",\"width\":960,\"height\":214,\"caption\":\"Revista RestauraRios - CIREF\"},\"image\":{\"@id\":\"https:\/\/restaurarios.es\/#\/schema\/logo\/image\/\"}}]}<\/script>\n<!-- \/ Yoast SEO plugin. -->","yoast_head_json":{"title":"Comit\u00e9 editorial - Revista RestauraRios - CIREF","robots":{"index":"index","follow":"follow","max-snippet":"max-snippet:-1","max-image-preview":"max-image-preview:large","max-video-preview":"max-video-preview:-1"},"canonical":"https:\/\/restaurarios.es\/en\/comite-editorial\/","og_locale":"en_GB","og_type":"article","og_title":"Comit\u00e9 editorial - Revista RestauraRios - CIREF","og_url":"https:\/\/restaurarios.es\/en\/comite-editorial\/","og_site_name":"Revista RestauraRios - CIREF","article_modified_time":"2022-07-10T12:09:24+00:00","twitter_card":"summary_large_image","twitter_misc":{"Estimated reading time":"1 minute"},"schema":{"@context":"https:\/\/schema.org","@graph":[{"@type":"WebPage","@id":"https:\/\/restaurarios.es\/comite-editorial\/","url":"https:\/\/restaurarios.es\/comite-editorial\/","name":"Comit\u00e9 editorial - Revista RestauraRios - CIREF","isPartOf":{"@id":"https:\/\/restaurarios.es\/#website"},"datePublished":"2022-07-10T12:09:23+00:00","dateModified":"2022-07-10T12:09:24+00:00","breadcrumb":{"@id":"https:\/\/restaurarios.es\/comite-editorial\/#breadcrumb"},"inLanguage":"en-GB","potentialAction":[{"@type":"ReadAction","target":["https:\/\/restaurarios.es\/comite-editorial\/"]}]},{"@type":"BreadcrumbList","@id":"https:\/\/restaurarios.es\/comite-editorial\/#breadcrumb","itemListElement":[{"@type":"ListItem","position":1,"name":"Portada","item":"https:\/\/restaurarios.es\/"},{"@type":"ListItem","position":2,"name":"Comit\u00e9 editorial"}]},{"@type":"WebSite","@id":"https:\/\/restaurarios.es\/#website","url":"https:\/\/restaurarios.es\/","name":"Revista RestauraRios - CIREF","description":"Revista de conservaci\u00f3n y restauraci\u00f3n fluvial","publisher":{"@id":"https:\/\/restaurarios.es\/#organization"},"potentialAction":[{"@type":"SearchAction","target":{"@type":"EntryPoint","urlTemplate":"https:\/\/restaurarios.es\/?s={search_term_string}"},"query-input":{"@type":"PropertyValueSpecification","valueRequired":true,"valueName":"search_term_string"}}],"inLanguage":"en-GB"},{"@type":"Organization","@id":"https:\/\/restaurarios.es\/#organization","name":"Revista RestauraRios - CIREF","url":"https:\/\/restaurarios.es\/","logo":{"@type":"ImageObject","inLanguage":"en-GB","@id":"https:\/\/restaurarios.es\/#\/schema\/logo\/image\/","url":"https:\/\/restaurarios.es\/wp-content\/uploads\/2022\/07\/cabecera-960px.jpg","contentUrl":"https:\/\/restaurarios.es\/wp-content\/uploads\/2022\/07\/cabecera-960px.jpg","width":960,"height":214,"caption":"Revista RestauraRios - CIREF"},"image":{"@id":"https:\/\/restaurarios.es\/#\/schema\/logo\/image\/"}}]}},"_links":{"self":[{"href":"https:\/\/restaurarios.es\/en\/wp-json\/wp\/v2\/pages\/223","targetHints":{"allow":["GET"]}}],"collection":[{"href":"https:\/\/restaurarios.es\/en\/wp-json\/wp\/v2\/pages"}],"about":[{"href":"https:\/\/restaurarios.es\/en\/wp-json\/wp\/v2\/types\/page"}],"author":[{"embeddable":true,"href":"https:\/\/restaurarios.es\/en\/wp-json\/wp\/v2\/users\/1"}],"replies":[{"embeddable":true,"href":"https:\/\/restaurarios.es\/en\/wp-json\/wp\/v2\/comments?post=223"}],"version-history":[{"count":1,"href":"https:\/\/restaurarios.es\/en\/wp-json\/wp\/v2\/pages\/223\/revisions"}],"predecessor-version":[{"id":224,"href":"https:\/\/restaurarios.es\/en\/wp-json\/wp\/v2\/pages\/223\/revisions\/224"}],"wp:attachment":[{"href":"https:\/\/restaurarios.es\/en\/wp-json\/wp\/v2\/media?parent=223"}],"curies":[{"name":"wp","href":"https:\/\/api.w.org\/{rel}","templated":true}]}}