{"id":215,"date":"2022-07-09T12:14:09","date_gmt":"2022-07-09T12:14:09","guid":{"rendered":"http:\/\/cirefluvial.com\/nuevarevista\/?page_id=215"},"modified":"2022-07-09T12:17:45","modified_gmt":"2022-07-09T12:17:45","slug":"politica-editorial","status":"publish","type":"page","link":"https:\/\/restaurarios.es\/pt\/politica-editorial\/","title":{"rendered":"Pol\u00edtica editorial"},"content":{"rendered":"<h2 class=\"wp-block-heading\">Acessibilidade e periodicidade<\/h2>\n\n\n\n<p>Os artigos estar\u00e3o dispon\u00edveis online assim que se conclua a sua vers\u00e3o final. Os volumes anuais se arquivaram ao final de cada ano natural, inclu\u00eddos todos os artigos publicados por ele.<\/p>\n\n\n\n<h2 class=\"wp-block-heading\">Cargos por publica\u00e7\u00e3o<\/h2>\n\n\n\n<p>RestauraRios n\u00e3o recebe nenhuma retribui\u00e7\u00e3o econ\u00f4mica pela publica\u00e7\u00e3o de artigos.<\/p>\n\n\n\n<h2 class=\"wp-block-heading\">Crit\u00e9rios de publica\u00e7\u00e3o<\/h2>\n\n\n\n<p>A aceita\u00e7\u00e3o dum manuscrito para ser publicado em RestauraRios se basear\u00e1 na sua qualidade cient\u00edfico-t\u00e9cnica e formal.<\/p>\n\n\n\n<p>Os crit\u00e9rios de publica\u00e7\u00e3o ser\u00e3o os seguintes:<\/p>\n\n\n\n<ul class=\"lista wp-block-list\"><li>O trabalho e seus principais resultados n\u00e3o deveriam ser publicados nem est\u00e3o em processo de revis\u00e3o para sua publica\u00e7\u00e3o noutros meios e seus aspetos t\u00e9cnicos dever\u00e3o estar bem descritos e desenvolvidos.<\/li><li>O texto dever\u00e1 estar bem organizado, com declara\u00e7\u00f5es claras do que se analisa e com uma discuss\u00e3o baseada em como os resultados do trabalho confirmam ou refutam essas ideias iniciais.<\/li><li>O texto ser\u00e1 conciso, com um m\u00e1ximo de 10.000 palavras. Os documentos n\u00e3o dever\u00e3o ser mais extensos que o necess\u00e1rio para comunicar as ideias principais propostas no trabalho. N\u00e3o devem incluir-se no texto explica\u00e7\u00f5es, an\u00e1lises estat\u00edsticas, tabelas e\/ou figuras desnecess\u00e1rias. Se se considera imprescind\u00edvel, se poderia anexar um documento de material adicional tamb\u00e9m com extens\u00e3o reduzida.<\/li><li>O texto estar\u00e1 bem escrito na l\u00edngua escolhida (espanhol, portugu\u00eas o ingl\u00eas) com um linguajem correto e simplificado, f\u00e1cil de entender para o amplo p\u00fablico internacional. Incluir\u00e1 um resumo do mesmo em ingl\u00eas.<\/li><li>O trabalho se ajustar\u00e1 aos padr\u00f5es aplic\u00e1veis na \u00e9tica da experimenta\u00e7\u00e3o e \u00e0 integridade da investiga\u00e7\u00e3o. Quando corresponda, \u00e0s autoriza\u00e7\u00f5es de experimenta\u00e7\u00e3o e obten\u00e7\u00e3o de autoriza\u00e7\u00f5es devem-se indicar na sec\u00e7\u00e3o de agradecimentos.<\/li><\/ul>\n\n\n\n<h2 class=\"wp-block-heading\">Revis\u00e3o por pares<\/h2>\n\n\n\n<p>Uma vez que se recebe um documento ser\u00e1 avaliado pela equipa editorial para determinar si se ajusta aos crit\u00e9rios b\u00e1sicos de publica\u00e7\u00e3o antes indicados e tamb\u00e9m aos aspetos formais dos crit\u00e9rios de publica\u00e7\u00e3o (organiza\u00e7\u00e3o, extens\u00e3o, etc\u2026) Se a qualidade formal do documento n\u00e3o se considera suficiente, o trabalho se submeter\u00e1 a uma revis\u00e3o por pares. Os manuscritos ser\u00e3o revisados por expertos externos selecionados pela equipa editorial, que permanecer\u00e3o an\u00f4nimos em todos os casos.<\/p>\n\n\n\n<h2 class=\"wp-block-heading\">Direitos de autor e licen\u00e7as<\/h2>\n\n\n\n<p>A remiss\u00e3o dum manuscrito a RestauraRios sup\u00f5e implicitamente a aceita\u00e7\u00e3o duma licen\u00e7a internacional Creative Commons Attribution 4.0. de acesso aberto (CC BY 4.0) em caso de publica\u00e7\u00e3o do artigo. Os autores conservar\u00e3o a propriedade dos direitos de autor dos artigos, mas dita licen\u00e7a permite compartir (copiar e redistribuir em qualquer meio ou formato) e adaptar (transformar e construir para qualquer prop\u00f3sito inclusive com fins comerciais) o artigo, sempre que d\u00ea o cr\u00e9dito apropriado a autoria e a fonte do trabalho e se indique que se realizaram as altera\u00e7\u00f5es correspondentes.<\/p>\n\n\n\n<h2 class=\"wp-block-heading\">Editor<\/h2>\n\n\n\n<p>RestauraRios \u00e9 uma publica\u00e7\u00e3o do CIREF, Centro Ib\u00e9rico de Restaura\u00e7\u00e3o Fluvial. CIREF est\u00e1 registrada em Espanha (Registro Nacional de Associa\u00e7\u00f5es, Sec\u00e7\u00e3o 1, N\u00famero Nacional 592241) e tem a sua sede no Departamento de Geografia e Ordena\u00e7\u00e3o do Territ\u00f3rio da Universidade de Zaragoza (\/ Pedro Cebruna s\/n, 50009 Zaragoza, Espanha.<\/p>","protected":false},"excerpt":{"rendered":"","protected":false},"author":1,"featured_media":0,"parent":0,"menu_order":0,"comment_status":"closed","ping_status":"closed","template":"","meta":{"_acf_changed":false,"footnotes":""},"class_list":["post-215","page","type-page","status-publish"],"acf":[],"yoast_head":"<!-- This site is optimized with the Yoast SEO plugin v23.8 - https:\/\/yoast.com\/wordpress\/plugins\/seo\/ -->\n<title>Pol\u00edtica editorial - Revista RestauraRios - CIREF<\/title>\n<meta name=\"robots\" content=\"index, follow, max-snippet:-1, max-image-preview:large, max-video-preview:-1\" \/>\n<link rel=\"canonical\" href=\"https:\/\/restaurarios.es\/pt\/politica-editorial\/\" \/>\n<meta property=\"og:locale\" content=\"pt_PT\" \/>\n<meta property=\"og:type\" content=\"article\" \/>\n<meta property=\"og:title\" content=\"Pol\u00edtica editorial - Revista RestauraRios - CIREF\" \/>\n<meta property=\"og:url\" content=\"https:\/\/restaurarios.es\/pt\/politica-editorial\/\" \/>\n<meta property=\"og:site_name\" content=\"Revista RestauraRios - CIREF\" \/>\n<meta property=\"article:modified_time\" content=\"2022-07-09T12:17:45+00:00\" \/>\n<meta name=\"twitter:card\" content=\"summary_large_image\" \/>\n<meta name=\"twitter:label1\" content=\"Tempo estimado de leitura\" \/>\n\t<meta name=\"twitter:data1\" content=\"3 minutos\" \/>\n<script type=\"application\/ld+json\" class=\"yoast-schema-graph\">{\"@context\":\"https:\/\/schema.org\",\"@graph\":[{\"@type\":\"WebPage\",\"@id\":\"https:\/\/restaurarios.es\/politica-editorial\/\",\"url\":\"https:\/\/restaurarios.es\/politica-editorial\/\",\"name\":\"Pol\u00edtica editorial - Revista RestauraRios - CIREF\",\"isPartOf\":{\"@id\":\"https:\/\/restaurarios.es\/#website\"},\"datePublished\":\"2022-07-09T12:14:09+00:00\",\"dateModified\":\"2022-07-09T12:17:45+00:00\",\"breadcrumb\":{\"@id\":\"https:\/\/restaurarios.es\/politica-editorial\/#breadcrumb\"},\"inLanguage\":\"pt-PT\",\"potentialAction\":[{\"@type\":\"ReadAction\",\"target\":[\"https:\/\/restaurarios.es\/politica-editorial\/\"]}]},{\"@type\":\"BreadcrumbList\",\"@id\":\"https:\/\/restaurarios.es\/politica-editorial\/#breadcrumb\",\"itemListElement\":[{\"@type\":\"ListItem\",\"position\":1,\"name\":\"Portada\",\"item\":\"https:\/\/restaurarios.es\/\"},{\"@type\":\"ListItem\",\"position\":2,\"name\":\"Pol\u00edtica editorial\"}]},{\"@type\":\"WebSite\",\"@id\":\"https:\/\/restaurarios.es\/#website\",\"url\":\"https:\/\/restaurarios.es\/\",\"name\":\"Revista RestauraRios - CIREF\",\"description\":\"Revista de conservaci\u00f3n y restauraci\u00f3n fluvial\",\"publisher\":{\"@id\":\"https:\/\/restaurarios.es\/#organization\"},\"potentialAction\":[{\"@type\":\"SearchAction\",\"target\":{\"@type\":\"EntryPoint\",\"urlTemplate\":\"https:\/\/restaurarios.es\/?s={search_term_string}\"},\"query-input\":{\"@type\":\"PropertyValueSpecification\",\"valueRequired\":true,\"valueName\":\"search_term_string\"}}],\"inLanguage\":\"pt-PT\"},{\"@type\":\"Organization\",\"@id\":\"https:\/\/restaurarios.es\/#organization\",\"name\":\"Revista RestauraRios - CIREF\",\"url\":\"https:\/\/restaurarios.es\/\",\"logo\":{\"@type\":\"ImageObject\",\"inLanguage\":\"pt-PT\",\"@id\":\"https:\/\/restaurarios.es\/#\/schema\/logo\/image\/\",\"url\":\"https:\/\/restaurarios.es\/wp-content\/uploads\/2022\/07\/cabecera-960px.jpg\",\"contentUrl\":\"https:\/\/restaurarios.es\/wp-content\/uploads\/2022\/07\/cabecera-960px.jpg\",\"width\":960,\"height\":214,\"caption\":\"Revista RestauraRios - CIREF\"},\"image\":{\"@id\":\"https:\/\/restaurarios.es\/#\/schema\/logo\/image\/\"}}]}<\/script>\n<!-- \/ Yoast SEO plugin. -->","yoast_head_json":{"title":"Pol\u00edtica editorial - Revista RestauraRios - CIREF","robots":{"index":"index","follow":"follow","max-snippet":"max-snippet:-1","max-image-preview":"max-image-preview:large","max-video-preview":"max-video-preview:-1"},"canonical":"https:\/\/restaurarios.es\/pt\/politica-editorial\/","og_locale":"pt_PT","og_type":"article","og_title":"Pol\u00edtica editorial - Revista RestauraRios - CIREF","og_url":"https:\/\/restaurarios.es\/pt\/politica-editorial\/","og_site_name":"Revista RestauraRios - CIREF","article_modified_time":"2022-07-09T12:17:45+00:00","twitter_card":"summary_large_image","twitter_misc":{"Tempo estimado de leitura":"3 minutos"},"schema":{"@context":"https:\/\/schema.org","@graph":[{"@type":"WebPage","@id":"https:\/\/restaurarios.es\/politica-editorial\/","url":"https:\/\/restaurarios.es\/politica-editorial\/","name":"Pol\u00edtica editorial - Revista RestauraRios - CIREF","isPartOf":{"@id":"https:\/\/restaurarios.es\/#website"},"datePublished":"2022-07-09T12:14:09+00:00","dateModified":"2022-07-09T12:17:45+00:00","breadcrumb":{"@id":"https:\/\/restaurarios.es\/politica-editorial\/#breadcrumb"},"inLanguage":"pt-PT","potentialAction":[{"@type":"ReadAction","target":["https:\/\/restaurarios.es\/politica-editorial\/"]}]},{"@type":"BreadcrumbList","@id":"https:\/\/restaurarios.es\/politica-editorial\/#breadcrumb","itemListElement":[{"@type":"ListItem","position":1,"name":"Portada","item":"https:\/\/restaurarios.es\/"},{"@type":"ListItem","position":2,"name":"Pol\u00edtica editorial"}]},{"@type":"WebSite","@id":"https:\/\/restaurarios.es\/#website","url":"https:\/\/restaurarios.es\/","name":"Revista RestauraRios - CIREF","description":"Revista de conservaci\u00f3n y restauraci\u00f3n fluvial","publisher":{"@id":"https:\/\/restaurarios.es\/#organization"},"potentialAction":[{"@type":"SearchAction","target":{"@type":"EntryPoint","urlTemplate":"https:\/\/restaurarios.es\/?s={search_term_string}"},"query-input":{"@type":"PropertyValueSpecification","valueRequired":true,"valueName":"search_term_string"}}],"inLanguage":"pt-PT"},{"@type":"Organization","@id":"https:\/\/restaurarios.es\/#organization","name":"Revista RestauraRios - CIREF","url":"https:\/\/restaurarios.es\/","logo":{"@type":"ImageObject","inLanguage":"pt-PT","@id":"https:\/\/restaurarios.es\/#\/schema\/logo\/image\/","url":"https:\/\/restaurarios.es\/wp-content\/uploads\/2022\/07\/cabecera-960px.jpg","contentUrl":"https:\/\/restaurarios.es\/wp-content\/uploads\/2022\/07\/cabecera-960px.jpg","width":960,"height":214,"caption":"Revista RestauraRios - CIREF"},"image":{"@id":"https:\/\/restaurarios.es\/#\/schema\/logo\/image\/"}}]}},"_links":{"self":[{"href":"https:\/\/restaurarios.es\/pt\/wp-json\/wp\/v2\/pages\/215","targetHints":{"allow":["GET"]}}],"collection":[{"href":"https:\/\/restaurarios.es\/pt\/wp-json\/wp\/v2\/pages"}],"about":[{"href":"https:\/\/restaurarios.es\/pt\/wp-json\/wp\/v2\/types\/page"}],"author":[{"embeddable":true,"href":"https:\/\/restaurarios.es\/pt\/wp-json\/wp\/v2\/users\/1"}],"replies":[{"embeddable":true,"href":"https:\/\/restaurarios.es\/pt\/wp-json\/wp\/v2\/comments?post=215"}],"version-history":[{"count":2,"href":"https:\/\/restaurarios.es\/pt\/wp-json\/wp\/v2\/pages\/215\/revisions"}],"predecessor-version":[{"id":217,"href":"https:\/\/restaurarios.es\/pt\/wp-json\/wp\/v2\/pages\/215\/revisions\/217"}],"wp:attachment":[{"href":"https:\/\/restaurarios.es\/pt\/wp-json\/wp\/v2\/media?parent=215"}],"curies":[{"name":"wp","href":"https:\/\/api.w.org\/{rel}","templated":true}]}}