{"id":225,"date":"2022-07-10T12:13:38","date_gmt":"2022-07-10T12:13:38","guid":{"rendered":"http:\/\/cirefluvial.com\/nuevarevista\/?page_id=225"},"modified":"2022-07-10T12:13:39","modified_gmt":"2022-07-10T12:13:39","slug":"envio-de-manuscritos","status":"publish","type":"page","link":"https:\/\/restaurarios.es\/pt\/envio-de-manuscritos\/","title":{"rendered":"Env\u00edo de documentos"},"content":{"rendered":"<h2 class=\"wp-block-heading\">Apresenta\u00e7\u00e3o de documentos<\/h2>\n\n\n\n<p>Os arquivos dos documentos devem ser enviados como arquivos anexos num correio eletr\u00f4nico para&nbsp;<a href=\"mailto:revista@cirefluvial.com\">revista@cirefluvial.com<\/a>. Em caso que os arquivos sejam demasiado grandes para serem enviados como anexos, devem-se comunicar com a mesma dire\u00e7\u00e3o de correio eletr\u00f3nico para acordar com o comit\u00e9 editorial outras solu\u00e7\u00f5es.<\/p>\n\n\n\n<h2 class=\"wp-block-heading\">Instru\u00e7\u00f5es para os autores<\/h2>\n\n\n\n<h3 class=\"wp-block-heading\">Autoria<\/h3>\n\n\n\n<p>Todos os autores que enviam um documento a RestauraRios devem estar de acordo com os conte\u00fados do manuscrito e com a apresenta\u00e7\u00e3o destes. Todos os autores devem ter um papel ativo na ideia, desenho, an\u00e1lise, interpreta\u00e7\u00e3o e\/ou reda\u00e7\u00e3o do documento e deveriam ter revisto criticamente o documento e deveriam de aprovar a vers\u00e3o final enviada para sua publica\u00e7\u00e3o. As colabora\u00e7\u00f5es devem ser mencionadas nos Agradecimentos.<\/p>\n\n\n\n<h3 class=\"wp-block-heading\">Tipos de documentos<\/h3>\n\n\n\n<p>Os autores s\u00e3o livres de organizar seu documento como preferem. Para trabalhos de investiga\u00e7\u00e3o standard, recomendamos uma organiza\u00e7\u00e3o cl\u00e1ssica de Introdu\u00e7\u00e3o \/ M\u00e9todos \/ Resultados \/Discuss\u00e3o, mas os autores podem organizar os encabe\u00e7ados e subt\u00edtulos da maneira que prefiram. Em todo caso, o n\u00famero n\u00e3o se dever\u00e1 exceder em tr\u00eas subse\u00e7\u00f5es (como exemplo, 1.1.1.).<\/p>\n\n\n\n<h3 class=\"wp-block-heading\">Tamanho do documento<\/h3>\n\n\n\n<p>Documentos devem ser concisos, sem incluir texto sup\u00e9rfluo. Em qualquer caso, as obras nunca dever\u00e3o exceder as 10.000 palavras (desde o in\u00edcio da introdu\u00e7\u00e3o at\u00e9 ao final dos agradecimentos). Os quadros e figuras se apresentar\u00e3o aparte. N\u00e3o se dever\u00e1 enviar um documento para revis\u00e3o que se considere de tamanho excessivo.<\/p>\n\n\n\n<h3 class=\"wp-block-heading\">Linguagem do documento<\/h3>\n\n\n\n<p>Os documentos podem se escrever em espanhol, portugu\u00eas o ingl\u00eas. O documento que use uma linguagem que n\u00e3o permita uma f\u00e1cil compreens\u00e3o do mesmo n\u00e3o ser\u00e1 enviado \u00e0 revis\u00e3o por pares. Todos os autores devem incluir um resumo do trabalho em ingl\u00eas.<\/p>\n\n\n\n<h3 class=\"wp-block-heading\">Prepara\u00e7\u00e3o do documento<\/h3>\n\n\n\n<p>O documento se enviar\u00e1 como texto sem formato, com as linhas numeradas. As tabelas e figuras se enviar\u00e3o ao final do documento ou num documento \u00e0 parte com a qualidade suficiente para permitir a sua edi\u00e7\u00e3o.<\/p>\n\n\n\n<p>O documento dever\u00e1 incluir, pelo menos:<\/p>\n\n\n\n<ul class=\"lista wp-block-list\"><li>T\u00edtulo<\/li><li>Nome de todos os autores e filia\u00e7\u00e3o, referenciando o autor correspondente.<\/li><li>Resumo de n\u00e3o mais de 250 palavras no idioma eleito para a publica\u00e7\u00e3o em ingl\u00eas.<\/li><li>3 a 5 palavras chave, ordenadas alfabeticamente.<\/li><li>Texto principal com os t\u00edtulos e subt\u00edtulos que decidam os autores.<\/li><li>Agradecimentos, em caso que existam.<\/li><li>Bibliografia.<\/li><li>Tabelas e figuras se se consideram necess\u00e1rias.<\/li><\/ul>\n\n\n\n<p>Os quadros devem usar se para apoiar as declara\u00e7\u00f5es do texto e esclarecer pontos importantes. Os mesmos devem, na medida do poss\u00edvel, ser claros na sua explica\u00e7\u00e3o e que numerem consecutivamente com n\u00fameros ar\u00e1bicos. Devem proporcionar um encabe\u00e7ado curto para cada tabela de (5-10 palavras), seguido de uma explica\u00e7\u00e3o concisa, mas completa do conte\u00fado da mesma.<\/p>\n\n\n\n<p>Todos os gr\u00e1ficos, desenhos e fotografias se consideram figuras e devem aparecer numerados consecutivamente com n\u00fameros ar\u00e1bicos. As figuras n\u00e3o devem conter detalhes que possam perder-se quando se reduza o seu tamanho para imprimir. As figuras, junto com as suas legendas, devem ser f\u00e1ceis de entender sem refer\u00eancias ao texto principal. Proporcionando um p\u00e9 de figura curta para cada figura (de 5-10 palavras), seguido de uma explica\u00e7\u00e3o concisa, mas completa do conte\u00fado da figura. As figuras dever\u00e3o ser de qualidade suficiente para sua correta visualiza\u00e7\u00e3o e impress\u00e3o (300 ppi).<\/p>\n\n\n\n<p>No caso de que as figuras n\u00e3o sejam propriedade dos autores, estes dever\u00e3o acreditar estar em posse dos direitos de uso e publica\u00e7\u00e3o, que dever\u00e3o ser compat\u00edveis com a pol\u00edtica de acesso aberto da revista. A fonte ser\u00e1 mencionada entre par\u00eanteses no final do p\u00e9 de figura.<\/p>\n\n\n\n<p>As unidades de medida, s\u00edmbolos e abreviaturas devem aparecer em unidades m\u00e9tricas (sistema internacional).<\/p>\n\n\n\n<p>As refer\u00eancias se citam usando o estilo APA (<a href=\"https:\/\/normasapa.com\/\" target=\"_blank\" rel=\"noreferrer noopener\">https:\/\/normasapa.com<\/a>). Todas las refer\u00eancias dever\u00e3o de citar-se no texto. Las refer\u00eancias de internet devem de incorporar-se junto \u00e1s anteriores.<\/p>\n\n\n\n<p>O nome da revista deve escrever-se completo e deve indicar os nomes de todos os autores, o ano da publica\u00e7\u00e3o, o t\u00edtulo completo do artigo e o volume, assim como as p\u00e1ginas iniciais e finais. No caso dos livros, al\u00e9m dos nomes dos autores, tamb\u00e9m dever\u00e1 facilitar a cidade e a editora em que foi publicado o livro.<\/p>\n\n\n\n<p>No texto, as refer\u00eancias aos autores citados se realizar\u00e3o com o primeiro apelido do autor e o ano; por exemplo, Apelido (2020). Para trabalhos com dos autores se referiram como Apelido e Apelido (2020), e para mais de dois autores se referiram como Apelido et al. (2020).<\/p>\n\n\n\n<p>As p\u00e1ginas web se citaram como:<\/p>\n\n\n\n<p>Apelido, A., Apelido, B, Apelido, C. (20 de maio de 2020). T\u00edtulo da p\u00e1gina web. Nome da p\u00e1gina. https:\/\/url.<\/p>\n\n\n\n<p>Naquelas webs com atualiza\u00e7\u00f5es frequentes se incluir\u00e1 a data de consulta.<\/p>","protected":false},"excerpt":{"rendered":"","protected":false},"author":1,"featured_media":0,"parent":0,"menu_order":0,"comment_status":"closed","ping_status":"closed","template":"","meta":{"_acf_changed":false,"footnotes":""},"class_list":["post-225","page","type-page","status-publish"],"acf":[],"yoast_head":"<!-- This site is optimized with the Yoast SEO plugin v23.8 - https:\/\/yoast.com\/wordpress\/plugins\/seo\/ -->\n<title>Env\u00edo de manuscritos - Revista RestauraRios - CIREF<\/title>\n<meta name=\"robots\" content=\"index, follow, max-snippet:-1, max-image-preview:large, max-video-preview:-1\" \/>\n<link rel=\"canonical\" href=\"https:\/\/restaurarios.es\/pt\/envio-de-manuscritos\/\" \/>\n<meta property=\"og:locale\" content=\"pt_PT\" \/>\n<meta property=\"og:type\" content=\"article\" \/>\n<meta property=\"og:title\" content=\"Env\u00edo de manuscritos - Revista RestauraRios - CIREF\" \/>\n<meta property=\"og:url\" content=\"https:\/\/restaurarios.es\/pt\/envio-de-manuscritos\/\" \/>\n<meta property=\"og:site_name\" content=\"Revista RestauraRios - CIREF\" \/>\n<meta property=\"article:modified_time\" content=\"2022-07-10T12:13:39+00:00\" \/>\n<meta name=\"twitter:card\" content=\"summary_large_image\" \/>\n<meta name=\"twitter:label1\" content=\"Tempo estimado de leitura\" \/>\n\t<meta name=\"twitter:data1\" content=\"4 minutos\" \/>\n<script type=\"application\/ld+json\" class=\"yoast-schema-graph\">{\"@context\":\"https:\/\/schema.org\",\"@graph\":[{\"@type\":\"WebPage\",\"@id\":\"https:\/\/restaurarios.es\/envio-de-manuscritos\/\",\"url\":\"https:\/\/restaurarios.es\/envio-de-manuscritos\/\",\"name\":\"Env\u00edo de manuscritos - Revista RestauraRios - CIREF\",\"isPartOf\":{\"@id\":\"https:\/\/restaurarios.es\/#website\"},\"datePublished\":\"2022-07-10T12:13:38+00:00\",\"dateModified\":\"2022-07-10T12:13:39+00:00\",\"breadcrumb\":{\"@id\":\"https:\/\/restaurarios.es\/envio-de-manuscritos\/#breadcrumb\"},\"inLanguage\":\"pt-PT\",\"potentialAction\":[{\"@type\":\"ReadAction\",\"target\":[\"https:\/\/restaurarios.es\/envio-de-manuscritos\/\"]}]},{\"@type\":\"BreadcrumbList\",\"@id\":\"https:\/\/restaurarios.es\/envio-de-manuscritos\/#breadcrumb\",\"itemListElement\":[{\"@type\":\"ListItem\",\"position\":1,\"name\":\"Portada\",\"item\":\"https:\/\/restaurarios.es\/\"},{\"@type\":\"ListItem\",\"position\":2,\"name\":\"Env\u00edo de manuscritos\"}]},{\"@type\":\"WebSite\",\"@id\":\"https:\/\/restaurarios.es\/#website\",\"url\":\"https:\/\/restaurarios.es\/\",\"name\":\"Revista RestauraRios - CIREF\",\"description\":\"Revista de conservaci\u00f3n y restauraci\u00f3n fluvial\",\"publisher\":{\"@id\":\"https:\/\/restaurarios.es\/#organization\"},\"potentialAction\":[{\"@type\":\"SearchAction\",\"target\":{\"@type\":\"EntryPoint\",\"urlTemplate\":\"https:\/\/restaurarios.es\/?s={search_term_string}\"},\"query-input\":{\"@type\":\"PropertyValueSpecification\",\"valueRequired\":true,\"valueName\":\"search_term_string\"}}],\"inLanguage\":\"pt-PT\"},{\"@type\":\"Organization\",\"@id\":\"https:\/\/restaurarios.es\/#organization\",\"name\":\"Revista RestauraRios - CIREF\",\"url\":\"https:\/\/restaurarios.es\/\",\"logo\":{\"@type\":\"ImageObject\",\"inLanguage\":\"pt-PT\",\"@id\":\"https:\/\/restaurarios.es\/#\/schema\/logo\/image\/\",\"url\":\"https:\/\/restaurarios.es\/wp-content\/uploads\/2022\/07\/cabecera-960px.jpg\",\"contentUrl\":\"https:\/\/restaurarios.es\/wp-content\/uploads\/2022\/07\/cabecera-960px.jpg\",\"width\":960,\"height\":214,\"caption\":\"Revista RestauraRios - CIREF\"},\"image\":{\"@id\":\"https:\/\/restaurarios.es\/#\/schema\/logo\/image\/\"}}]}<\/script>\n<!-- \/ Yoast SEO plugin. -->","yoast_head_json":{"title":"Env\u00edo de manuscritos - Revista RestauraRios - CIREF","robots":{"index":"index","follow":"follow","max-snippet":"max-snippet:-1","max-image-preview":"max-image-preview:large","max-video-preview":"max-video-preview:-1"},"canonical":"https:\/\/restaurarios.es\/pt\/envio-de-manuscritos\/","og_locale":"pt_PT","og_type":"article","og_title":"Env\u00edo de manuscritos - Revista RestauraRios - CIREF","og_url":"https:\/\/restaurarios.es\/pt\/envio-de-manuscritos\/","og_site_name":"Revista RestauraRios - CIREF","article_modified_time":"2022-07-10T12:13:39+00:00","twitter_card":"summary_large_image","twitter_misc":{"Tempo estimado de leitura":"4 minutos"},"schema":{"@context":"https:\/\/schema.org","@graph":[{"@type":"WebPage","@id":"https:\/\/restaurarios.es\/envio-de-manuscritos\/","url":"https:\/\/restaurarios.es\/envio-de-manuscritos\/","name":"Env\u00edo de manuscritos - Revista RestauraRios - CIREF","isPartOf":{"@id":"https:\/\/restaurarios.es\/#website"},"datePublished":"2022-07-10T12:13:38+00:00","dateModified":"2022-07-10T12:13:39+00:00","breadcrumb":{"@id":"https:\/\/restaurarios.es\/envio-de-manuscritos\/#breadcrumb"},"inLanguage":"pt-PT","potentialAction":[{"@type":"ReadAction","target":["https:\/\/restaurarios.es\/envio-de-manuscritos\/"]}]},{"@type":"BreadcrumbList","@id":"https:\/\/restaurarios.es\/envio-de-manuscritos\/#breadcrumb","itemListElement":[{"@type":"ListItem","position":1,"name":"Portada","item":"https:\/\/restaurarios.es\/"},{"@type":"ListItem","position":2,"name":"Env\u00edo de manuscritos"}]},{"@type":"WebSite","@id":"https:\/\/restaurarios.es\/#website","url":"https:\/\/restaurarios.es\/","name":"Revista RestauraRios - CIREF","description":"Revista de conservaci\u00f3n y restauraci\u00f3n fluvial","publisher":{"@id":"https:\/\/restaurarios.es\/#organization"},"potentialAction":[{"@type":"SearchAction","target":{"@type":"EntryPoint","urlTemplate":"https:\/\/restaurarios.es\/?s={search_term_string}"},"query-input":{"@type":"PropertyValueSpecification","valueRequired":true,"valueName":"search_term_string"}}],"inLanguage":"pt-PT"},{"@type":"Organization","@id":"https:\/\/restaurarios.es\/#organization","name":"Revista RestauraRios - CIREF","url":"https:\/\/restaurarios.es\/","logo":{"@type":"ImageObject","inLanguage":"pt-PT","@id":"https:\/\/restaurarios.es\/#\/schema\/logo\/image\/","url":"https:\/\/restaurarios.es\/wp-content\/uploads\/2022\/07\/cabecera-960px.jpg","contentUrl":"https:\/\/restaurarios.es\/wp-content\/uploads\/2022\/07\/cabecera-960px.jpg","width":960,"height":214,"caption":"Revista RestauraRios - CIREF"},"image":{"@id":"https:\/\/restaurarios.es\/#\/schema\/logo\/image\/"}}]}},"_links":{"self":[{"href":"https:\/\/restaurarios.es\/pt\/wp-json\/wp\/v2\/pages\/225","targetHints":{"allow":["GET"]}}],"collection":[{"href":"https:\/\/restaurarios.es\/pt\/wp-json\/wp\/v2\/pages"}],"about":[{"href":"https:\/\/restaurarios.es\/pt\/wp-json\/wp\/v2\/types\/page"}],"author":[{"embeddable":true,"href":"https:\/\/restaurarios.es\/pt\/wp-json\/wp\/v2\/users\/1"}],"replies":[{"embeddable":true,"href":"https:\/\/restaurarios.es\/pt\/wp-json\/wp\/v2\/comments?post=225"}],"version-history":[{"count":2,"href":"https:\/\/restaurarios.es\/pt\/wp-json\/wp\/v2\/pages\/225\/revisions"}],"predecessor-version":[{"id":227,"href":"https:\/\/restaurarios.es\/pt\/wp-json\/wp\/v2\/pages\/225\/revisions\/227"}],"wp:attachment":[{"href":"https:\/\/restaurarios.es\/pt\/wp-json\/wp\/v2\/media?parent=225"}],"curies":[{"name":"wp","href":"https:\/\/api.w.org\/{rel}","templated":true}]}}