{"id":8,"date":"2022-07-06T10:20:52","date_gmt":"2022-07-06T10:20:52","guid":{"rendered":"http:\/\/cirefluvial.com\/nuevarevista\/?page_id=8"},"modified":"2022-10-07T16:13:01","modified_gmt":"2022-10-07T16:13:01","slug":"inicio","status":"publish","type":"page","link":"https:\/\/restaurarios.es\/pt\/","title":{"rendered":"A revista"},"content":{"rendered":"<p class=\" translation-block\">A revista <strong>RestauraRios<\/strong> pretende ser um foro aberto para compartir informa\u00e7\u00e3o e experi\u00eancias, discutir ideias e identificar padr\u00f5es comuns acerca da restaura\u00e7\u00e3o fluvial num sentido amplio de maneira que albergue contribui\u00e7\u00f5es relativas \u00e0 hidrologia, hidr\u00e1ulica fluvial, geomorfologia, ecologia, assim como as relacionadas com a conserva\u00e7\u00e3o da defesa dos ecossistemas educa\u00e7\u00e3o ambiental, a ci\u00eancia cidad\u00e3 e a participa\u00e7\u00e3o p\u00fablica, a divulga\u00e7\u00e3o ou a promo\u00e7\u00e3o do conhecimento em torno aos rios.<\/p>\n\n\n\n<p><strong>RestauraRios<\/strong>&nbsp;\u00e9 uma revista eletr\u00f4nica, de acesso completamente aberto e revisada por pares, cujo objetivo \u00e9 promover a comunica\u00e7\u00e3o e a discuss\u00e3o entre profissionais que trabalham em conserva\u00e7\u00e3o e restaura\u00e7\u00e3o fluvial. Se inspira no ideal de conhecimento universal, gratuito e sustent\u00e1vel e procura a forma\u00e7\u00e3o e capacita\u00e7\u00e3o das pessoas atrav\u00e9s de conhecimento compartilhado.<\/p>\n\n\n\n<h2 class=\"gb-headline gb-headline-1a482b0b gb-headline-text\">Ultimo volume<\/h2>\n\n\n<div class=\"gb-container gb-container-4f26a2ee\"><div class=\"gb-inside-container\">\n<section id=\"gt5bbfb0b\" class=\"section-gt5bbfb0b gutentor-module gtf-module gutentor-term-module gutentor-term-module-t1 gtf-grid gutentor_t1_template1 wp-block-gutentor-t1\" >\n<div class='grid-container'><div class='grid-row' ><article class='gutentor-term gtf-item-0  grid-lg-12 grid-md-4 grid-12'><div class='gtf-item'><a class=\"gutentor-term-image-link\" href=\"https:\/\/restaurarios.es\/pt\/category\/volumen-3-2024\/\"  rel=\"noopener noreferrer\"><div class=\"gtf-image-box\"><div class=\"gtf-image\"><img decoding=\"async\" class=\"normal-image\" src=\"https:\/\/restaurarios.es\/wp-content\/uploads\/2024\/05\/Restaurarios-Portada-3-pichi.jpg\"><\/div><\/div><\/a><div class=\"g-d-desc\"><p>Portada: R\u00edo Arlanza en Villahoz (Burgos) \u2022 Autor:  Francisco Javier Sanz Ronda&hellip;<\/p><\/div><\/div><\/article><\/div><\/div><\/section>\n<\/div><\/div>","protected":false},"excerpt":{"rendered":"","protected":false},"author":1,"featured_media":0,"parent":0,"menu_order":0,"comment_status":"closed","ping_status":"closed","template":"","meta":{"_acf_changed":false,"footnotes":""},"class_list":["post-8","page","type-page","status-publish"],"acf":[],"yoast_head":"<!-- This site is optimized with the Yoast SEO plugin v23.8 - https:\/\/yoast.com\/wordpress\/plugins\/seo\/ -->\n<title>La revista - Revista RestauraRios - CIREF<\/title>\n<meta name=\"robots\" content=\"index, follow, max-snippet:-1, max-image-preview:large, max-video-preview:-1\" \/>\n<link rel=\"canonical\" href=\"https:\/\/restaurarios.es\/pt\/\" \/>\n<meta property=\"og:locale\" content=\"pt_PT\" \/>\n<meta property=\"og:type\" content=\"article\" \/>\n<meta property=\"og:title\" content=\"La revista - Revista RestauraRios - CIREF\" \/>\n<meta property=\"og:url\" content=\"https:\/\/restaurarios.es\/pt\/\" \/>\n<meta property=\"og:site_name\" content=\"Revista RestauraRios - CIREF\" \/>\n<meta property=\"article:modified_time\" content=\"2022-10-07T16:13:01+00:00\" \/>\n<meta name=\"twitter:card\" content=\"summary_large_image\" \/>\n<meta name=\"twitter:label1\" content=\"Tempo estimado de leitura\" \/>\n\t<meta name=\"twitter:data1\" content=\"1 minuto\" \/>\n<script type=\"application\/ld+json\" class=\"yoast-schema-graph\">{\"@context\":\"https:\/\/schema.org\",\"@graph\":[{\"@type\":\"WebPage\",\"@id\":\"https:\/\/restaurarios.es\/\",\"url\":\"https:\/\/restaurarios.es\/\",\"name\":\"La revista - Revista RestauraRios - CIREF\",\"isPartOf\":{\"@id\":\"https:\/\/restaurarios.es\/#website\"},\"datePublished\":\"2022-07-06T10:20:52+00:00\",\"dateModified\":\"2022-10-07T16:13:01+00:00\",\"breadcrumb\":{\"@id\":\"https:\/\/restaurarios.es\/#breadcrumb\"},\"inLanguage\":\"pt-PT\",\"potentialAction\":[{\"@type\":\"ReadAction\",\"target\":[\"https:\/\/restaurarios.es\/\"]}]},{\"@type\":\"BreadcrumbList\",\"@id\":\"https:\/\/restaurarios.es\/#breadcrumb\",\"itemListElement\":[{\"@type\":\"ListItem\",\"position\":1,\"name\":\"Portada\",\"item\":\"https:\/\/restaurarios.es\/\"},{\"@type\":\"ListItem\",\"position\":2,\"name\":\"La revista\"}]},{\"@type\":\"WebSite\",\"@id\":\"https:\/\/restaurarios.es\/#website\",\"url\":\"https:\/\/restaurarios.es\/\",\"name\":\"Revista RestauraRios - CIREF\",\"description\":\"Revista de conservaci\u00f3n y restauraci\u00f3n fluvial\",\"publisher\":{\"@id\":\"https:\/\/restaurarios.es\/#organization\"},\"potentialAction\":[{\"@type\":\"SearchAction\",\"target\":{\"@type\":\"EntryPoint\",\"urlTemplate\":\"https:\/\/restaurarios.es\/?s={search_term_string}\"},\"query-input\":{\"@type\":\"PropertyValueSpecification\",\"valueRequired\":true,\"valueName\":\"search_term_string\"}}],\"inLanguage\":\"pt-PT\"},{\"@type\":\"Organization\",\"@id\":\"https:\/\/restaurarios.es\/#organization\",\"name\":\"Revista RestauraRios - CIREF\",\"url\":\"https:\/\/restaurarios.es\/\",\"logo\":{\"@type\":\"ImageObject\",\"inLanguage\":\"pt-PT\",\"@id\":\"https:\/\/restaurarios.es\/#\/schema\/logo\/image\/\",\"url\":\"https:\/\/restaurarios.es\/wp-content\/uploads\/2022\/07\/cabecera-960px.jpg\",\"contentUrl\":\"https:\/\/restaurarios.es\/wp-content\/uploads\/2022\/07\/cabecera-960px.jpg\",\"width\":960,\"height\":214,\"caption\":\"Revista RestauraRios - CIREF\"},\"image\":{\"@id\":\"https:\/\/restaurarios.es\/#\/schema\/logo\/image\/\"}}]}<\/script>\n<!-- \/ Yoast SEO plugin. -->","yoast_head_json":{"title":"La revista - Revista RestauraRios - CIREF","robots":{"index":"index","follow":"follow","max-snippet":"max-snippet:-1","max-image-preview":"max-image-preview:large","max-video-preview":"max-video-preview:-1"},"canonical":"https:\/\/restaurarios.es\/pt\/","og_locale":"pt_PT","og_type":"article","og_title":"La revista - Revista RestauraRios - CIREF","og_url":"https:\/\/restaurarios.es\/pt\/","og_site_name":"Revista RestauraRios - CIREF","article_modified_time":"2022-10-07T16:13:01+00:00","twitter_card":"summary_large_image","twitter_misc":{"Tempo estimado de leitura":"1 minuto"},"schema":{"@context":"https:\/\/schema.org","@graph":[{"@type":"WebPage","@id":"https:\/\/restaurarios.es\/","url":"https:\/\/restaurarios.es\/","name":"La revista - Revista RestauraRios - CIREF","isPartOf":{"@id":"https:\/\/restaurarios.es\/#website"},"datePublished":"2022-07-06T10:20:52+00:00","dateModified":"2022-10-07T16:13:01+00:00","breadcrumb":{"@id":"https:\/\/restaurarios.es\/#breadcrumb"},"inLanguage":"pt-PT","potentialAction":[{"@type":"ReadAction","target":["https:\/\/restaurarios.es\/"]}]},{"@type":"BreadcrumbList","@id":"https:\/\/restaurarios.es\/#breadcrumb","itemListElement":[{"@type":"ListItem","position":1,"name":"Portada","item":"https:\/\/restaurarios.es\/"},{"@type":"ListItem","position":2,"name":"La revista"}]},{"@type":"WebSite","@id":"https:\/\/restaurarios.es\/#website","url":"https:\/\/restaurarios.es\/","name":"Revista RestauraRios - CIREF","description":"Revista de conservaci\u00f3n y restauraci\u00f3n fluvial","publisher":{"@id":"https:\/\/restaurarios.es\/#organization"},"potentialAction":[{"@type":"SearchAction","target":{"@type":"EntryPoint","urlTemplate":"https:\/\/restaurarios.es\/?s={search_term_string}"},"query-input":{"@type":"PropertyValueSpecification","valueRequired":true,"valueName":"search_term_string"}}],"inLanguage":"pt-PT"},{"@type":"Organization","@id":"https:\/\/restaurarios.es\/#organization","name":"Revista RestauraRios - CIREF","url":"https:\/\/restaurarios.es\/","logo":{"@type":"ImageObject","inLanguage":"pt-PT","@id":"https:\/\/restaurarios.es\/#\/schema\/logo\/image\/","url":"https:\/\/restaurarios.es\/wp-content\/uploads\/2022\/07\/cabecera-960px.jpg","contentUrl":"https:\/\/restaurarios.es\/wp-content\/uploads\/2022\/07\/cabecera-960px.jpg","width":960,"height":214,"caption":"Revista RestauraRios - CIREF"},"image":{"@id":"https:\/\/restaurarios.es\/#\/schema\/logo\/image\/"}}]}},"_links":{"self":[{"href":"https:\/\/restaurarios.es\/pt\/wp-json\/wp\/v2\/pages\/8","targetHints":{"allow":["GET"]}}],"collection":[{"href":"https:\/\/restaurarios.es\/pt\/wp-json\/wp\/v2\/pages"}],"about":[{"href":"https:\/\/restaurarios.es\/pt\/wp-json\/wp\/v2\/types\/page"}],"author":[{"embeddable":true,"href":"https:\/\/restaurarios.es\/pt\/wp-json\/wp\/v2\/users\/1"}],"replies":[{"embeddable":true,"href":"https:\/\/restaurarios.es\/pt\/wp-json\/wp\/v2\/comments?post=8"}],"version-history":[{"count":17,"href":"https:\/\/restaurarios.es\/pt\/wp-json\/wp\/v2\/pages\/8\/revisions"}],"predecessor-version":[{"id":348,"href":"https:\/\/restaurarios.es\/pt\/wp-json\/wp\/v2\/pages\/8\/revisions\/348"}],"wp:attachment":[{"href":"https:\/\/restaurarios.es\/pt\/wp-json\/wp\/v2\/media?parent=8"}],"curies":[{"name":"wp","href":"https:\/\/api.w.org\/{rel}","templated":true}]}}